{"id":706,"date":"2019-12-06T12:19:34","date_gmt":"2019-12-06T12:19:34","guid":{"rendered":"http:\/\/39421142.servicio-online.net\/?page_id=706"},"modified":"2019-12-17T21:13:57","modified_gmt":"2019-12-17T21:13:57","slug":"contact-2","status":"publish","type":"page","link":"https:\/\/lotusbunkering.com\/?page_id=706&lang=fr","title":{"rendered":"CONTACT"},"content":{"rendered":"\t\t<div data-elementor-type=\"wp-post\" data-elementor-id=\"706\" class=\"elementor elementor-706\">\n\t\t\t\t\t\t<div class=\"elementor-inner\">\n\t\t\t\t<div class=\"elementor-section-wrap\">\n\t\t\t\t\t\t\t\t\t<section class=\"elementor-section elementor-top-section elementor-element elementor-element-c011b62 elementor-section-stretched elementor-section-full_width elementor-section-height-default elementor-section-height-default\" data-id=\"c011b62\" data-element_type=\"section\" data-settings=\"{&quot;stretch_section&quot;:&quot;section-stretched&quot;,&quot;background_background&quot;:&quot;classic&quot;}\">\n\t\t\t\t\t\t<div class=\"elementor-container elementor-column-gap-default\">\n\t\t\t\t\t\t\t<div class=\"elementor-row\">\n\t\t\t\t\t<div class=\"elementor-column elementor-col-50 elementor-top-column elementor-element elementor-element-2ae9fc6\" data-id=\"2ae9fc6\" data-element_type=\"column\">\n\t\t\t<div class=\"elementor-column-wrap elementor-element-populated\">\n\t\t\t\t\t\t\t<div class=\"elementor-widget-wrap\">\n\t\t\t\t\t\t<div class=\"elementor-element elementor-element-e5f1039 elementor-widget elementor-widget-html\" data-id=\"e5f1039\" data-element_type=\"widget\" data-widget_type=\"html.default\">\n\t\t\t\t<div class=\"elementor-widget-container\">\n\t\t\t<iframe loading=\"lazy\" src=\"https:\/\/www.google.com\/maps\/embed?pb=!1m18!1m12!1m3!1d879.377948854847!2d-15.412371370778603!3d28.161346698912908!2m3!1f0!2f0!3f0!3m2!1i1024!2i768!4f13.1!3m3!1m2!1s0xc40957c67839815%3A0xf4c58fc366ceeab8!2sLotus+Bunkering+S.L.!5e0!3m2!1ses!2ses!4v1554125763374!5m2!1ses!2ses\" width=\"600\" height=\"450\" frameborder=\"0\" style=\"border:0\" allowfullscreen><\/iframe>\t\t<\/div>\n\t\t\t\t<\/div>\n\t\t\t\t\t\t<\/div>\n\t\t\t\t\t<\/div>\n\t\t<\/div>\n\t\t\t\t<div class=\"elementor-column elementor-col-50 elementor-top-column elementor-element elementor-element-74f13b9\" data-id=\"74f13b9\" data-element_type=\"column\">\n\t\t\t<div class=\"elementor-column-wrap elementor-element-populated\">\n\t\t\t\t\t\t\t<div class=\"elementor-widget-wrap\">\n\t\t\t\t\t\t<div class=\"elementor-element elementor-element-ff50e63 elementor-widget elementor-widget-text-editor\" data-id=\"ff50e63\" data-element_type=\"widget\" data-widget_type=\"text-editor.default\">\n\t\t\t\t<div class=\"elementor-widget-container\">\n\t\t\t\t\t\t\t\t<div class=\"elementor-text-editor elementor-clearfix\">\n\t\t\t\t<div><div><h4><span lang=\"es\">Questions et prix<\/span><\/h4><p class=\"normal\"><span lang=\"es\">Contactez-nous, nous serons heureux de vous aider.<\/span><\/p><p><strong><span lang=\"es\">Notre adresse:<\/span><\/strong>\u00a0Pol\u00edgono Industrial El Sebadal.<br \/>Prolongaci\u00f3n calle Sao Paulo, nave 4. 35008.<br \/>Las Palmas de Gran Canaria<\/p><p><strong><span lang=\"es\">Num\u00e9ro de t\u00e9l\u00e9phone: <\/span><\/strong>+0034 828 906 057<\/p><p><strong>E-mail:<br \/><\/strong><span style=\"color: #000000;\"><a style=\"color: #000000;\" href=\"mailto:marinelubes@lotusbunkering.com\">marinelubes@lotusbunkering.com<\/a><\/span><br \/><span style=\"color: #000000;\"><a style=\"color: #000000;\" href=\"mailto:lotusbunkering@gmail.com\" target=\"_blank\" rel=\"noopener\">lotusbunkering@gmail.com<\/a><\/span><\/p><\/div><\/div>\t\t\t\t\t<\/div>\n\t\t\t\t\t\t<\/div>\n\t\t\t\t<\/div>\n\t\t\t\t\t\t<\/div>\n\t\t\t\t\t<\/div>\n\t\t<\/div>\n\t\t\t\t\t\t\t\t<\/div>\n\t\t\t\t\t<\/div>\n\t\t<\/section>\n\t\t\t\t\t\t\t\t\t<\/div>\n\t\t\t<\/div>\n\t\t\t\t\t<\/div>\n\t\t","protected":false},"excerpt":{"rendered":"<p>Questions et prix Contactez-nous, nous serons heureux de vous aider. Notre adresse:\u00a0Pol\u00edgono Industrial El Sebadal.Prolongaci\u00f3n calle Sao Paulo, nave 4. 35008.Las Palmas [&hellip;]<\/p>\n","protected":false},"author":1,"featured_media":0,"parent":0,"menu_order":0,"comment_status":"closed","ping_status":"closed","template":"elementor_header_footer","meta":{"footnotes":""},"_links":{"self":[{"href":"https:\/\/lotusbunkering.com\/index.php?rest_route=\/wp\/v2\/pages\/706"}],"collection":[{"href":"https:\/\/lotusbunkering.com\/index.php?rest_route=\/wp\/v2\/pages"}],"about":[{"href":"https:\/\/lotusbunkering.com\/index.php?rest_route=\/wp\/v2\/types\/page"}],"author":[{"embeddable":true,"href":"https:\/\/lotusbunkering.com\/index.php?rest_route=\/wp\/v2\/users\/1"}],"replies":[{"embeddable":true,"href":"https:\/\/lotusbunkering.com\/index.php?rest_route=%2Fwp%2Fv2%2Fcomments&post=706"}],"version-history":[{"count":3,"href":"https:\/\/lotusbunkering.com\/index.php?rest_route=\/wp\/v2\/pages\/706\/revisions"}],"predecessor-version":[{"id":747,"href":"https:\/\/lotusbunkering.com\/index.php?rest_route=\/wp\/v2\/pages\/706\/revisions\/747"}],"wp:attachment":[{"href":"https:\/\/lotusbunkering.com\/index.php?rest_route=%2Fwp%2Fv2%2Fmedia&parent=706"}],"curies":[{"name":"wp","href":"https:\/\/api.w.org\/{rel}","templated":true}]}}